{"id":405,"date":"2017-02-24T23:51:33","date_gmt":"2017-02-24T23:51:33","guid":{"rendered":"http:\/\/www.economicmedia.net\/EN\/?page_id=405"},"modified":"2017-03-15T14:36:56","modified_gmt":"2017-03-15T14:36:56","slug":"semc-in-media","status":"publish","type":"page","link":"https:\/\/economicmedia.net\/en\/?page_id=405","title":{"rendered":"SEMC IN MEDIA"},"content":{"rendered":"<div class=\"clear\"><\/div><div class=\"widget Label list label feed show-index has-title fix-height \" id=\"Label1\"><div class=\"feed-widget-header\"><h2 class=\"widget-title feed-widget-title\"><a href=\"https:\/\/economicmedia.net\/en\/?cat=13\">Economic Media in Mass Communications<\/a><\/h2><div class=\"clear\"><\/div><\/div><div class=\"widget-content feed-widget-content widget-content-Label1\" id=\"widget-content-Label1\"><div  class=\"shad item item-0 item-two item-three item-four table\"><div class=\"tr\"><div class=\"td\"><h3 class=\"item-title\"><a href=\"https:\/\/economicmedia.net\/en\/?p=2142\"><span class=\"title-name\">15 Violations against Media Freedom in Yemen during Two Month in Yemen<\/span><\/a><\/h3><\/div><\/div><\/div><div class=\"clear\"><\/div><div  class=\"shad item item-1 than-0 table\"><div class=\"tr\"><div class=\"td\"><h3 class=\"item-title\"><a href=\"https:\/\/economicmedia.net\/en\/?p=2134\"><span class=\"title-name\">Ara\u015ft\u0131rmalar ve Ekonomik Enformasyon Merkezi&#8217;ne (SEMC) ba\u011fl\u0131 Bas\u0131n H\u00fcrriyeti G\u00f6zlemevi taraf\u0131ndan yay\u0131mlanan raporda, \u00fclkede bu y\u0131l\u0131n ilk yar\u0131s\u0131nda bas\u0131n mensuplar\u0131na y\u00f6nelik 53 ihlalin tespit edildi\u011fi bildirildi.<\/span><\/a><\/h3><\/div><\/div><\/div><div class=\"clear\"><\/div><div  class=\"shad item item-2 item-two than-0 than-1 table\"><div class=\"tr\"><div class=\"td\"><h3 class=\"item-title\"><a href=\"https:\/\/economicmedia.net\/en\/?p=1292\"><span class=\"title-name\">Yemen &#8211; Country of Concern<\/span><\/a><\/h3><\/div><\/div><\/div><div class=\"clear\"><\/div><div  class=\"shad item item-3 item-three than-0 than-1 than-2 table\"><div class=\"tr\"><div class=\"td\"><h3 class=\"item-title\"><a href=\"https:\/\/economicmedia.net\/en\/?p=1289\"><span class=\"title-name\">Studies and Economic Media Center (SEMC)<\/span><\/a><\/h3><\/div><\/div><\/div><div class=\"clear\"><\/div><div  class=\"shad item item-4 item-two item-four than-0 than-1 than-2 than-3 table\"><div class=\"tr\"><div class=\"td\"><h3 class=\"item-title\"><a href=\"https:\/\/economicmedia.net\/en\/?p=1286\"><span class=\"title-name\">EITI MEMBERS REGISTRY 2016-2019 &#8211;<\/span><\/a><\/h3><\/div><\/div><\/div><div class=\"clear\"><\/div><div  class=\"shad item item-5 than-0 than-1 than-2 than-3 than-4 table\"><div class=\"tr\"><div class=\"td\"><h3 class=\"item-title\"><a href=\"https:\/\/economicmedia.net\/en\/?p=1283\"><span class=\"title-name\">Studies and Economic Media Center<\/span><\/a><\/h3><\/div><\/div><\/div><div class=\"clear\"><\/div><div  class=\"shad item item-6 item-two item-three than-0 than-1 than-2 than-3 than-4 than-5 table\"><div class=\"tr\"><div class=\"td\"><h3 class=\"item-title\"><a href=\"https:\/\/economicmedia.net\/en\/?p=1278\"><span class=\"title-name\">Strengthening the safety of Yemeni journalists in Taiz<\/span><\/a><\/h3><\/div><\/div><\/div><div class=\"clear\"><\/div><div  class=\"shad item item-7 than-0 than-1 than-2 than-3 than-4 than-5 than-6 table\"><div class=\"tr\"><div class=\"td\"><h3 class=\"item-title\"><a href=\"https:\/\/economicmedia.net\/en\/?p=1271\"><span class=\"title-name\">How is Khat adding to the food crisis in Yemen?<\/span><\/a><\/h3><\/div><\/div><\/div><div class=\"clear\"><\/div><div  class=\"shad item item-8 item-two item-four than-0 than-1 than-2 than-3 than-4 than-5 than-6 than-7 table\"><div class=\"tr\"><div class=\"td\"><h3 class=\"item-title\"><a href=\"https:\/\/economicmedia.net\/en\/?p=1268\"><span class=\"title-name\">semc in media<\/span><\/a><\/h3><\/div><\/div><\/div><div class=\"clear\"><\/div><div  class=\"shad item item-9 item-three than-0 than-1 than-2 than-3 than-4 than-5 than-6 than-7 than-8 table\"><div class=\"tr\"><div class=\"td\"><h3 class=\"item-title\"><a href=\"https:\/\/economicmedia.net\/en\/?p=1265\"><span class=\"title-name\">Yemen&#8217;s Ongoing National Dialogue: Moving Forward<\/span><\/a><\/h3><\/div><\/div><\/div><div class=\"clear\"><\/div><div  class=\"shad item item-10 item-two than-0 than-1 than-2 than-3 than-4 than-5 than-6 than-7 than-8 than-9 table\"><div class=\"tr\"><div class=\"td\"><h3 class=\"item-title\"><a href=\"https:\/\/economicmedia.net\/en\/?p=1262\"><span class=\"title-name\">Building a Shared Vision for Economic Reform in Yemen<\/span><\/a><\/h3><\/div><\/div><\/div><div class=\"clear\"><\/div><div  class=\"shad item item-11 than-0 than-1 than-2 than-3 than-4 than-5 than-6 than-7 than-8 than-9 than-10 table\"><div class=\"tr\"><div class=\"td\"><h3 class=\"item-title\"><a href=\"https:\/\/economicmedia.net\/en\/?p=1259\"><span class=\"title-name\">Caravan of Liberty\u2019<\/span><\/a><\/h3><\/div><\/div><\/div><div class=\"clear\"><\/div><div  class=\"shad item item-12 item-two item-three item-four than-0 than-1 than-2 than-3 than-4 than-5 than-6 than-7 than-8 than-9 than-10 than-11 table\"><div class=\"tr\"><div class=\"td\"><h3 class=\"item-title\"><a href=\"https:\/\/economicmedia.net\/en\/?p=1255\"><span class=\"title-name\">Khat cultivation fuels food crisis in Yemen<\/span><\/a><\/h3><\/div><\/div><\/div><div class=\"clear\"><\/div><div  class=\"shad item item-13 than-0 than-1 than-2 than-3 than-4 than-5 than-6 than-7 than-8 than-9 than-10 than-11 than-12 table\"><div class=\"tr\"><div class=\"td\"><h3 class=\"item-title\"><a href=\"https:\/\/economicmedia.net\/en\/?p=1250\"><span class=\"title-name\">ENCOURAGING FREE SOCIETY REFORMS IN YEMEN<\/span><\/a><\/h3><\/div><\/div><\/div><div class=\"clear\"><\/div><div  class=\"shad item item-14 item-two than-0 than-1 than-2 than-3 than-4 than-5 than-6 than-7 than-8 than-9 than-10 than-11 than-12 than-13 table\"><div class=\"tr\"><div class=\"td\"><h3 class=\"item-title\"><a href=\"https:\/\/economicmedia.net\/en\/?p=1244\"><span class=\"title-name\">Yemen is the poorest country in the MENA region<\/span><\/a><\/h3><\/div><\/div><\/div><div class=\"clear\"><\/div><div  class=\"shad item item-15 item-three than-0 than-1 than-2 than-3 than-4 than-5 than-6 than-7 than-8 than-9 than-10 than-11 than-12 than-13 than-14 table\"><div class=\"tr\"><div class=\"td\"><h3 class=\"item-title\"><a href=\"https:\/\/economicmedia.net\/en\/?p=1239\"><span class=\"title-name\">Media violations in the Arab world during 2015<\/span><\/a><\/h3><\/div><\/div><\/div><div class=\"clear\"><\/div><div  class=\"shad item item-16 item-two item-four than-0 than-1 than-2 than-3 than-4 than-5 than-6 than-7 than-8 than-9 than-10 than-11 than-12 than-13 than-14 than-15 table\"><div class=\"tr\"><div class=\"td\"><h3 class=\"item-title\"><a href=\"https:\/\/economicmedia.net\/en\/?p=1234\"><span class=\"title-name\">Civic Freedom Monitor: Yemen<\/span><\/a><\/h3><\/div><\/div><\/div><div class=\"clear\"><\/div><div  class=\"shad item item-17 than-0 than-1 than-2 than-3 than-4 than-5 than-6 than-7 than-8 than-9 than-10 than-11 than-12 than-13 than-14 than-15 than-16 table\"><div class=\"tr\"><div class=\"td\"><h3 class=\"item-title\"><a href=\"https:\/\/economicmedia.net\/en\/?p=1274\"><span class=\"title-name\">Remarks by Public Affairs Officer Mario Crifo At the Studies and Economic Media Center Training<\/span><\/a><\/h3><\/div><\/div><\/div><div class=\"clear\"><\/div><div  class=\"shad item item-18 item-two item-three than-0 than-1 than-2 than-3 than-4 than-5 than-6 than-7 than-8 than-9 than-10 than-11 than-12 than-13 than-14 than-15 than-16 than-17 table\"><div class=\"tr\"><div class=\"td\"><h3 class=\"item-title\"><a href=\"https:\/\/economicmedia.net\/en\/?p=908\"><span class=\"title-name\">Aladhavih..mord new tariffs to finance wars militia  channel Balqis<\/span><\/a><\/h3><\/div><\/div><\/div><div class=\"clear\"><\/div><\/div><div class=\"clear\"><\/div><\/div><div class=\"clear\"><\/div>\n","protected":false},"excerpt":{"rendered":"","protected":false},"author":1,"featured_media":0,"parent":0,"menu_order":0,"comment_status":"closed","ping_status":"closed","template":"","meta":{"footnotes":""},"class_list":["post-405","page","type-page","status-publish","hentry"],"yoast_head":"<!-- This site is optimized with the Yoast SEO plugin v26.8 - https:\/\/yoast.com\/product\/yoast-seo-wordpress\/ -->\r\n<title>SEMC IN MEDIA | Studies &amp; Economic Media Center (SEMC)<\/title>\r\n<meta name=\"robots\" content=\"index, follow, max-snippet:-1, max-image-preview:large, max-video-preview:-1\" \/>\r\n<link rel=\"canonical\" href=\"https:\/\/economicmedia.net\/en\/?page_id=405\" \/>\r\n<meta property=\"og:locale\" content=\"en_US\" \/>\r\n<meta property=\"og:type\" content=\"article\" \/>\r\n<meta property=\"og:title\" content=\"SEMC IN MEDIA | Studies &amp; Economic Media Center (SEMC)\" \/>\r\n<meta property=\"og:url\" content=\"https:\/\/economicmedia.net\/en\/?page_id=405\" \/>\r\n<meta property=\"og:site_name\" content=\"Studies &amp; Economic Media Center (SEMC)\" \/>\r\n<meta property=\"article:publisher\" content=\"https:\/\/www.facebook.com\/economicmedia\/\" \/>\r\n<meta property=\"article:modified_time\" content=\"2017-03-15T14:36:56+00:00\" \/>\r\n<meta name=\"twitter:card\" content=\"summary_large_image\" \/>\r\n<meta name=\"twitter:site\" content=\"@economicmedia\" \/>\r\n<script type=\"application\/ld+json\" class=\"yoast-schema-graph\">{\"@context\":\"https:\/\/schema.org\",\"@graph\":[{\"@type\":\"WebPage\",\"@id\":\"https:\/\/economicmedia.net\/en\/?page_id=405\",\"url\":\"https:\/\/economicmedia.net\/en\/?page_id=405\",\"name\":\"SEMC IN MEDIA | Studies &amp; Economic Media Center (SEMC)\",\"isPartOf\":{\"@id\":\"https:\/\/economicmedia.net\/en\/#website\"},\"datePublished\":\"2017-02-24T23:51:33+00:00\",\"dateModified\":\"2017-03-15T14:36:56+00:00\",\"breadcrumb\":{\"@id\":\"https:\/\/economicmedia.net\/en\/?page_id=405#breadcrumb\"},\"inLanguage\":\"en-US\",\"potentialAction\":[{\"@type\":\"ReadAction\",\"target\":[\"https:\/\/economicmedia.net\/en\/?page_id=405\"]}]},{\"@type\":\"BreadcrumbList\",\"@id\":\"https:\/\/economicmedia.net\/en\/?page_id=405#breadcrumb\",\"itemListElement\":[{\"@type\":\"ListItem\",\"position\":1,\"name\":\"Home\",\"item\":\"https:\/\/economicmedia.net\/en\/\"},{\"@type\":\"ListItem\",\"position\":2,\"name\":\"SEMC IN MEDIA\"}]},{\"@type\":\"WebSite\",\"@id\":\"https:\/\/economicmedia.net\/en\/#website\",\"url\":\"https:\/\/economicmedia.net\/en\/\",\"name\":\"Studies & Economic Media Center (SEMC)\",\"description\":\"Economic Media Center\",\"alternateName\":\"Studies & Economic Media Center (SEMC)\",\"potentialAction\":[{\"@type\":\"SearchAction\",\"target\":{\"@type\":\"EntryPoint\",\"urlTemplate\":\"https:\/\/economicmedia.net\/en\/?s={search_term_string}\"},\"query-input\":{\"@type\":\"PropertyValueSpecification\",\"valueRequired\":true,\"valueName\":\"search_term_string\"}}],\"inLanguage\":\"en-US\"}]}<\/script>\r\n<!-- \/ Yoast SEO plugin. -->","yoast_head_json":{"title":"SEMC IN MEDIA | Studies &amp; Economic Media Center (SEMC)","robots":{"index":"index","follow":"follow","max-snippet":"max-snippet:-1","max-image-preview":"max-image-preview:large","max-video-preview":"max-video-preview:-1"},"canonical":"https:\/\/economicmedia.net\/en\/?page_id=405","og_locale":"en_US","og_type":"article","og_title":"SEMC IN MEDIA | Studies &amp; Economic Media Center (SEMC)","og_url":"https:\/\/economicmedia.net\/en\/?page_id=405","og_site_name":"Studies &amp; Economic Media Center (SEMC)","article_publisher":"https:\/\/www.facebook.com\/economicmedia\/","article_modified_time":"2017-03-15T14:36:56+00:00","twitter_card":"summary_large_image","twitter_site":"@economicmedia","schema":{"@context":"https:\/\/schema.org","@graph":[{"@type":"WebPage","@id":"https:\/\/economicmedia.net\/en\/?page_id=405","url":"https:\/\/economicmedia.net\/en\/?page_id=405","name":"SEMC IN MEDIA | Studies &amp; Economic Media Center (SEMC)","isPartOf":{"@id":"https:\/\/economicmedia.net\/en\/#website"},"datePublished":"2017-02-24T23:51:33+00:00","dateModified":"2017-03-15T14:36:56+00:00","breadcrumb":{"@id":"https:\/\/economicmedia.net\/en\/?page_id=405#breadcrumb"},"inLanguage":"en-US","potentialAction":[{"@type":"ReadAction","target":["https:\/\/economicmedia.net\/en\/?page_id=405"]}]},{"@type":"BreadcrumbList","@id":"https:\/\/economicmedia.net\/en\/?page_id=405#breadcrumb","itemListElement":[{"@type":"ListItem","position":1,"name":"Home","item":"https:\/\/economicmedia.net\/en\/"},{"@type":"ListItem","position":2,"name":"SEMC IN MEDIA"}]},{"@type":"WebSite","@id":"https:\/\/economicmedia.net\/en\/#website","url":"https:\/\/economicmedia.net\/en\/","name":"Studies & Economic Media Center (SEMC)","description":"Economic Media Center","alternateName":"Studies & Economic Media Center (SEMC)","potentialAction":[{"@type":"SearchAction","target":{"@type":"EntryPoint","urlTemplate":"https:\/\/economicmedia.net\/en\/?s={search_term_string}"},"query-input":{"@type":"PropertyValueSpecification","valueRequired":true,"valueName":"search_term_string"}}],"inLanguage":"en-US"}]}},"_links":{"self":[{"href":"https:\/\/economicmedia.net\/en\/index.php?rest_route=\/wp\/v2\/pages\/405","targetHints":{"allow":["GET"]}}],"collection":[{"href":"https:\/\/economicmedia.net\/en\/index.php?rest_route=\/wp\/v2\/pages"}],"about":[{"href":"https:\/\/economicmedia.net\/en\/index.php?rest_route=\/wp\/v2\/types\/page"}],"author":[{"embeddable":true,"href":"https:\/\/economicmedia.net\/en\/index.php?rest_route=\/wp\/v2\/users\/1"}],"replies":[{"embeddable":true,"href":"https:\/\/economicmedia.net\/en\/index.php?rest_route=%2Fwp%2Fv2%2Fcomments&post=405"}],"version-history":[{"count":5,"href":"https:\/\/economicmedia.net\/en\/index.php?rest_route=\/wp\/v2\/pages\/405\/revisions"}],"predecessor-version":[{"id":917,"href":"https:\/\/economicmedia.net\/en\/index.php?rest_route=\/wp\/v2\/pages\/405\/revisions\/917"}],"wp:attachment":[{"href":"https:\/\/economicmedia.net\/en\/index.php?rest_route=%2Fwp%2Fv2%2Fmedia&parent=405"}],"curies":[{"name":"wp","href":"https:\/\/api.w.org\/{rel}","templated":true}]}}